{"id":653,"date":"2025-08-19T09:42:16","date_gmt":"2025-08-19T07:42:16","guid":{"rendered":"https:\/\/beautystudioariya.com\/?post_type=product&#038;p=653"},"modified":"2026-04-12T09:56:43","modified_gmt":"2026-04-12T07:56:43","slug":"intensive-serum-bb-50g","status":"publish","type":"product","link":"https:\/\/beautystudioariya.com\/en\/product\/intensive-serum-bb-50g\/","title":{"rendered":"INTENSIVE SERUM BB 50g"},"content":{"rendered":"<p>Tinted skincare and wrinkle care in one! SPF34 \/ PA++ UV protection.<\/p>\n<p>Aesthetic effects of even skin tone, with the benefit of deep hydration, without stickiness!<\/p>\n<p>It is ideal for daily use, even after treatments such as Fraxel and MTS.<\/p>\n<p>The serum-like texture, non-comedogenic, makes this product an ideal substitute for foundation.<\/p>\n<p><strong>Product effects<\/strong>:<\/p>\n<ul>\n<li>Soothes irritated skin and retains moisture.<\/li>\n<li>Improves the appearance of wrinkles.<\/li>\n<li>Protects against UV rays.<\/li>\n<li>Tints the skin and conceals imperfections.<\/li>\n<li>Calms the skin after irritation (e.g., laser treatments).<\/li>\n<li>Provides a natural glow and hydration.<\/li>\n<\/ul>\n<p><strong>Key ingredients<\/strong>:<\/p>\n<ul>\n<li>Adenosine<\/li>\n<li>It stimulates collagen production, regenerates skin cells, and improves elasticity, thereby reducing wrinkles and making the skin firmer.<\/li>\n<li>Sodium hyaluronate \u2013 a micromolecule that deeply hydrates by retaining up to 6000 times its weight in water. It helps keep the skin elastic and moisturized.<\/li>\n<li>Peppermint leaf extract \u2014 soothes sensitive skin, provides a refreshing sensation, and helps prevent skin dryness.<\/li>\n<li>Bergamot leaf extract hydrates and strengthens skin elasticity, helping to prevent premature aging, leaving the skin firm and fresh.<\/li>\n<\/ul>","protected":false},"excerpt":{"rendered":"<p>Tonirana njega ko\u017ee i njega bora u jednom! SPF34 \/ PA+ + za\u0161tita od UV zraka. Estetski u\u010dinci ujedna\u010denog tena, s benefitom dubinske hidratacije,\u00a0bez\u00a0ljepljivosti! Idealan je za\u00a0svakodnevnu\u00a0upotrebu, \u010dak i\u00a0nakon tretmana\u00a0poput Fraxela i\u00a0MTS-a. Serumska tekstura, \u00a0bez za\u010depljenja pora. \u010dini ovaj pripravak idealnom zamjenom za puder. Djelovanje proizvoda: Umiruje nadra\u017eenu ko\u017eu i\u00a0zadr\u017eava vlagu. Pobolj\u0161ava izgled bora. \u0160titi [&hellip;]<\/p>\n","protected":false},"featured_media":654,"comment_status":"open","ping_status":"closed","template":"","meta":{"_acf_changed":false},"product_brand":[],"product_cat":[30],"product_tag":[],"class_list":{"0":"post-653","1":"product","2":"type-product","3":"status-publish","4":"has-post-thumbnail","6":"product_cat-serumi","8":"first","9":"instock","10":"shipping-taxable","11":"purchasable","12":"product-type-simple"},"acf":[],"_links":{"self":[{"href":"https:\/\/beautystudioariya.com\/en\/wp-json\/wp\/v2\/product\/653","targetHints":{"allow":["GET"]}}],"collection":[{"href":"https:\/\/beautystudioariya.com\/en\/wp-json\/wp\/v2\/product"}],"about":[{"href":"https:\/\/beautystudioariya.com\/en\/wp-json\/wp\/v2\/types\/product"}],"replies":[{"embeddable":true,"href":"https:\/\/beautystudioariya.com\/en\/wp-json\/wp\/v2\/comments?post=653"}],"wp:featuredmedia":[{"embeddable":true,"href":"https:\/\/beautystudioariya.com\/en\/wp-json\/wp\/v2\/media\/654"}],"wp:attachment":[{"href":"https:\/\/beautystudioariya.com\/en\/wp-json\/wp\/v2\/media?parent=653"}],"wp:term":[{"taxonomy":"product_brand","embeddable":true,"href":"https:\/\/beautystudioariya.com\/en\/wp-json\/wp\/v2\/product_brand?post=653"},{"taxonomy":"product_cat","embeddable":true,"href":"https:\/\/beautystudioariya.com\/en\/wp-json\/wp\/v2\/product_cat?post=653"},{"taxonomy":"product_tag","embeddable":true,"href":"https:\/\/beautystudioariya.com\/en\/wp-json\/wp\/v2\/product_tag?post=653"}],"curies":[{"name":"wp","href":"https:\/\/api.w.org\/{rel}","templated":true}]}}