{"id":651,"date":"2025-08-19T09:40:21","date_gmt":"2025-08-19T07:40:21","guid":{"rendered":"https:\/\/beautystudioariya.com\/?post_type=product&#038;p=651"},"modified":"2026-04-10T06:59:42","modified_gmt":"2026-04-10T04:59:42","slug":"rejuver-complex-serum-50ml","status":"publish","type":"product","link":"https:\/\/beautystudioariya.com\/en\/product\/rejuver-complex-serum-50ml\/","title":{"rendered":"REJUVER COMPLEX SERUM 50ml"},"content":{"rendered":"<p>Bubble Power Serum with oxygen and a peptide complex.<\/p>\n<p>Deep renewal. The power of oxygen. The gentleness of nature.<\/p>\n<p>Discover the power of oxygen microbubbles!<\/p>\n<p>Oxygen bubbles are created when gently applying this serum to the skin, and you\u2019ll feel their active effect like a gentle caress within seconds. Once the bubbles react, the serum is gently patted or massaged into the face. They penetrate deeply into the skin, refreshing and nourishing it from within.<\/p>\n<p>Advanced <strong>Peptide complex <\/strong>strengthens <strong>the skin\u2019s protective barrier<\/strong>, stimulates <strong>cell renewal <\/strong>and restores the skin\u2019s natural balance of moisture and oils.<\/p>\n<ul>\n<li><strong>Safe for sensitive <\/strong>skin \u2013 thanks to gentle, plant-based ingredients.<\/li>\n<li><strong>Microbubbles <\/strong>\u2013 enhance the absorption and effectiveness of active ingredients.<\/li>\n<li><strong>Renewal and hydration <\/strong>\u2013 the skin becomes smooth, soft, and radiant.<\/li>\n<li><strong>Long-lasting moisture <\/strong>\u2013 without any feeling of heaviness or greasiness.<\/li>\n<\/ul>\n<p>Your daily dose of oxygen and care for healthier, stronger, and renewed skin.<\/p>","protected":false},"excerpt":{"rendered":"<p>Bubble power serum s kisikom i kompleksom peptida. Dubinska obnova. Snaga kisika. Nje\u017enost prirode. Otkrij mo\u0107 mikro mjehuri\u0107a kisika! Mjehuri\u0107i kisika nastaju pri nje\u017enom nano\u0161enju ovog serum na ko\u017eu, a njihovo \u0107ete aktivno djelovanje \u00a0osjetiti poput milovanja ve\u0107 nakon par sekundi. Kada mjehuri\u0107i odreagiraju, serum se utapka ili umasira u lice.\u00a0 Prodiru duboko u ko\u017eu, [&hellip;]<\/p>\n","protected":false},"featured_media":652,"comment_status":"open","ping_status":"closed","template":"","meta":{"_acf_changed":false},"product_brand":[],"product_cat":[30],"product_tag":[],"class_list":{"0":"post-651","1":"product","2":"type-product","3":"status-publish","4":"has-post-thumbnail","6":"product_cat-serumi","8":"first","9":"instock","10":"shipping-taxable","11":"purchasable","12":"product-type-simple"},"acf":[],"_links":{"self":[{"href":"https:\/\/beautystudioariya.com\/en\/wp-json\/wp\/v2\/product\/651","targetHints":{"allow":["GET"]}}],"collection":[{"href":"https:\/\/beautystudioariya.com\/en\/wp-json\/wp\/v2\/product"}],"about":[{"href":"https:\/\/beautystudioariya.com\/en\/wp-json\/wp\/v2\/types\/product"}],"replies":[{"embeddable":true,"href":"https:\/\/beautystudioariya.com\/en\/wp-json\/wp\/v2\/comments?post=651"}],"wp:featuredmedia":[{"embeddable":true,"href":"https:\/\/beautystudioariya.com\/en\/wp-json\/wp\/v2\/media\/652"}],"wp:attachment":[{"href":"https:\/\/beautystudioariya.com\/en\/wp-json\/wp\/v2\/media?parent=651"}],"wp:term":[{"taxonomy":"product_brand","embeddable":true,"href":"https:\/\/beautystudioariya.com\/en\/wp-json\/wp\/v2\/product_brand?post=651"},{"taxonomy":"product_cat","embeddable":true,"href":"https:\/\/beautystudioariya.com\/en\/wp-json\/wp\/v2\/product_cat?post=651"},{"taxonomy":"product_tag","embeddable":true,"href":"https:\/\/beautystudioariya.com\/en\/wp-json\/wp\/v2\/product_tag?post=651"}],"curies":[{"name":"wp","href":"https:\/\/api.w.org\/{rel}","templated":true}]}}