{"id":1185,"date":"2025-09-02T10:35:30","date_gmt":"2025-09-02T08:35:30","guid":{"rendered":"https:\/\/beautystudioariya.com\/?post_type=product&#038;p=1185"},"modified":"2026-01-01T12:09:44","modified_gmt":"2026-01-01T11:09:44","slug":"azulene-anti-trouble-ampoule-50ml","status":"publish","type":"product","link":"https:\/\/beautystudioariya.com\/en\/product\/azulene-anti-trouble-ampoule-50ml\/","title":{"rendered":"Azulene Anti-Trouble Ampoule 50ml"},"content":{"rendered":"<p><strong>Soothing, hydration <\/strong>and\u00a0<strong>repair for sensitive <\/strong>and\u00a0<strong>problematic skin.\u00a0<\/strong><\/p>\n<p>Do you feel that your skin is often red, irritated, or prone to blemishes?<\/p>\n<p><strong>Azulene Anti-Trouble\u00a0Ampoule<\/strong>, provide rapid soothing and deep care thanks to powerful plant-based ingredients such as <strong>azulene, centella asiatica, aloe vera <\/strong>and <strong>probiotics\u00a0\u00a0<\/strong>which have anti-inflammatory, moisturizing, and regenerative effects.<\/p>\n<p><strong>Who is it intended for?\u00a0<\/strong><\/p>\n<ul>\n<li>people with sensitive, irritated, or reactive skin<\/li>\n<li>those who want to soothe acne, pimples, and redness<\/li>\n<li>For skin that needs deep hydration without heaviness<\/li>\n<li>for restoring the protective barrier and restoring natural radiance<\/li>\n<\/ul>\n<p><strong>Main benefits<\/strong>:<\/p>\n<ul>\n<li>Quickly soothes redness and irritation<\/li>\n<li>Reduces signs of blemishes and inflammation<\/li>\n<li>Light, non-sticky feel on the skin. Restores the skin barrier and protects from external factors.<\/li>\n<li>Maintains optimal pH level (mildly acidic formula)<\/li>\n<li>Provides a feeling of freshness and vitality<\/li>\n<\/ul>","protected":false},"excerpt":{"rendered":"<p>Umirenje, hidratacija i\u00a0obnova za osjetljivu i\u00a0problemati\u010dnu ko\u017eu\u00a0 Osje\u0107a\u0161 li da je tvoja ko\u017ea \u010desto crvena,\u00a0nadra\u017eena ili sklona\u00a0nepravilnostima? Azulene Anti-Trouble\u00a0Ampoule, pru\u017ea brzo umirenje i dubinsku njegu zahvaljuju\u0107i sna\u017enim biljnim sastojcima poput azulena, centelle\u00a0asiatice, aloje vere i probiotika\u00a0\u00a0koji djeluju\u00a0protuupalno, hidratantno i\u00a0regenerativno. Kome je namijenjeno?\u00a0 osobama s\u00a0osjetljivom,\u00a0nadra\u017eenom ili\u00a0reaktivnom ko\u017eom onima koji \u017eele umiriti akne,\u00a0pri\u0161ti\u0107e i crvenilo za ko\u017eu [&hellip;]<\/p>\n","protected":false},"featured_media":1186,"comment_status":"open","ping_status":"closed","template":"","meta":{"_acf_changed":false},"product_brand":[],"product_cat":[30],"product_tag":[],"class_list":{"0":"post-1185","1":"product","2":"type-product","3":"status-publish","4":"has-post-thumbnail","6":"product_cat-serumi","8":"first","9":"instock","10":"shipping-taxable","11":"purchasable","12":"product-type-simple"},"acf":[],"_links":{"self":[{"href":"https:\/\/beautystudioariya.com\/en\/wp-json\/wp\/v2\/product\/1185","targetHints":{"allow":["GET"]}}],"collection":[{"href":"https:\/\/beautystudioariya.com\/en\/wp-json\/wp\/v2\/product"}],"about":[{"href":"https:\/\/beautystudioariya.com\/en\/wp-json\/wp\/v2\/types\/product"}],"replies":[{"embeddable":true,"href":"https:\/\/beautystudioariya.com\/en\/wp-json\/wp\/v2\/comments?post=1185"}],"wp:featuredmedia":[{"embeddable":true,"href":"https:\/\/beautystudioariya.com\/en\/wp-json\/wp\/v2\/media\/1186"}],"wp:attachment":[{"href":"https:\/\/beautystudioariya.com\/en\/wp-json\/wp\/v2\/media?parent=1185"}],"wp:term":[{"taxonomy":"product_brand","embeddable":true,"href":"https:\/\/beautystudioariya.com\/en\/wp-json\/wp\/v2\/product_brand?post=1185"},{"taxonomy":"product_cat","embeddable":true,"href":"https:\/\/beautystudioariya.com\/en\/wp-json\/wp\/v2\/product_cat?post=1185"},{"taxonomy":"product_tag","embeddable":true,"href":"https:\/\/beautystudioariya.com\/en\/wp-json\/wp\/v2\/product_tag?post=1185"}],"curies":[{"name":"wp","href":"https:\/\/api.w.org\/{rel}","templated":true}]}}