{"id":1161,"date":"2025-09-02T10:24:17","date_gmt":"2025-09-02T08:24:17","guid":{"rendered":"https:\/\/beautystudioariya.com\/?post_type=product&#038;p=1161"},"modified":"2026-04-10T10:20:31","modified_gmt":"2026-04-10T08:20:31","slug":"vitamin-multi-miracle-ampoule-50ml","status":"publish","type":"product","link":"https:\/\/beautystudioariya.com\/en\/product\/vitamin-multi-miracle-ampoule-50ml\/","title":{"rendered":"Vitamin Multi Miracle Ampoule 50ml"},"content":{"rendered":"<p><strong>\u010cudesni serum za\u00a0ujedna\u010den teni blistavu ko\u017eu<\/strong>!<\/p>\n<p>Ujedna\u010dava\u00a0neujedna\u010den ton ko\u017ee<\/p>\n<p>Ubla\u017eava crvenilo i\u00a0osjetljivost<\/p>\n<p>Regulira i pigmentaciju uzrokovanu UV zra\u010denjem; efikasan u borbi protiv tamnih mrlja.<\/p>\n<p>Smanjuje vidljivost\u00a0pora<\/p>\n<p>Pobolj\u0161ava teksturu i\u00a0elasti\u010dnost ko\u017ee<\/p>\n<p>Pru\u017ea umiruju\u0107i\u00a0u\u010dinak i duboku\u00a0hidrataciju<\/p>\n<p>Rje\u0161ava probleme sivila, be\u017eivotnog tonusa i umornog izgleda ko\u017ee.<\/p>\n<p><strong>Glavni sastojci i njihove prednosti<\/strong>:<\/p>\n<ul>\n<li>1,2-Heksanediol &#8211;\u00a0Intenzivna hidratacija<\/li>\n<li>Ekstrakt Centella Asiatica\u00a0&#8211; Umiruje ko\u017eu i ja\u010da za\u0161titnu barijeru<\/li>\n<li>Sodium DNA (PDRN) &#8211;\u00a0Mo\u0107ni antioksidans, pobolj\u0161ava prehranu ko\u017ee<\/li>\n<li>Ekstrakt ru\u017ee &#8211; Obnavlja i\u00a0umiruje ko\u017eu<\/li>\n<li>Ekstrakt nara (Punica Granatum) &#8211; Poti\u010de zdrav i ujedna\u010den ten<\/li>\n<li>Ekstrakt ploda kaktusa (Opuntia Coccinellifera) &#8211; \u00a0Intenzivna\u00a0hidratacija<\/li>\n<li>Lactobacillus Ferment\u00a0&#8211; Probiotici ja\u010daju ko\u017enu barijeru<\/li>\n<li>Klini\u010dki potvr\u0111eno &#8211; Anti-\u00a0age, antioksidativni i protuupalni u\u010dinak<\/li>\n<li>Djelovanje na\u00a0ko\u017eu &#8211;\u00a0Pove\u0107ava otpornost ko\u017ee i ja\u010da njezin prirodni\u00a0imunitet<\/li>\n<\/ul>\n<p>&nbsp;<\/p>\n<p>Smanjuje upalne procese i iritacije, posebno kod\u00a0osjetljive i problemati\u010dne\u00a0ko\u017ee. Neutralizira slobodne\u00a0radikale i \u0161titi ko\u017eu od oksidativnog stresa. Poti\u010de uklanjanje mrtvih stanica ko\u017ee, ostavljaju\u0107i\u00a0je gla\u0111om i mek\u0161om. Poma\u017ee u sintezi\u00a0vitamina koji hrane i obnavljaju ko\u017eu. Dubinski hidratizira i ja\u010da\u00a0prirodne \u010dimbenike\u00a0zadr\u017eavanja vlage. Smanjuje bore i\u00a0pobolj\u0161ava elasti\u010dnost\u00a0ko\u017ee.<\/p>","protected":false},"excerpt":{"rendered":"<p>Popust traje do 30.04.<\/p>","protected":false},"featured_media":1162,"comment_status":"open","ping_status":"closed","template":"","meta":{"_acf_changed":false},"product_brand":[],"product_cat":[30],"product_tag":[],"class_list":{"0":"post-1161","1":"product","2":"type-product","3":"status-publish","4":"has-post-thumbnail","6":"product_cat-serumi","8":"first","9":"instock","10":"sale","11":"shipping-taxable","12":"purchasable","13":"product-type-simple"},"acf":[],"_links":{"self":[{"href":"https:\/\/beautystudioariya.com\/en\/wp-json\/wp\/v2\/product\/1161","targetHints":{"allow":["GET"]}}],"collection":[{"href":"https:\/\/beautystudioariya.com\/en\/wp-json\/wp\/v2\/product"}],"about":[{"href":"https:\/\/beautystudioariya.com\/en\/wp-json\/wp\/v2\/types\/product"}],"replies":[{"embeddable":true,"href":"https:\/\/beautystudioariya.com\/en\/wp-json\/wp\/v2\/comments?post=1161"}],"wp:featuredmedia":[{"embeddable":true,"href":"https:\/\/beautystudioariya.com\/en\/wp-json\/wp\/v2\/media\/1162"}],"wp:attachment":[{"href":"https:\/\/beautystudioariya.com\/en\/wp-json\/wp\/v2\/media?parent=1161"}],"wp:term":[{"taxonomy":"product_brand","embeddable":true,"href":"https:\/\/beautystudioariya.com\/en\/wp-json\/wp\/v2\/product_brand?post=1161"},{"taxonomy":"product_cat","embeddable":true,"href":"https:\/\/beautystudioariya.com\/en\/wp-json\/wp\/v2\/product_cat?post=1161"},{"taxonomy":"product_tag","embeddable":true,"href":"https:\/\/beautystudioariya.com\/en\/wp-json\/wp\/v2\/product_tag?post=1161"}],"curies":[{"name":"wp","href":"https:\/\/api.w.org\/{rel}","templated":true}]}}