{"id":1155,"date":"2025-09-02T10:20:46","date_gmt":"2025-09-02T08:20:46","guid":{"rendered":"https:\/\/beautystudioariya.com\/?post_type=product&#038;p=1155"},"modified":"2026-01-01T12:09:44","modified_gmt":"2026-01-01T11:09:44","slug":"wrinkle-force-multi-cream-100g","status":"publish","type":"product","link":"https:\/\/beautystudioariya.com\/en\/product\/wrinkle-force-multi-cream-100g\/","title":{"rendered":"Wrinkle Force Multi Cream 100g"},"content":{"rendered":"<p>Nourishing cream for intense anti-age care.<\/p>\n<p>Wrinkle Force Multi Cream fights signs of aging with a combination of effective ingredients:<\/p>\n<p>Ceramide NP \u2013 helps retain moisture and strengthen the skin's protective barrier.<\/p>\n<p>Collagen extract \u2013 improves skin structure and firmness.<\/p>\n<p>Copper Tripeptide-1 \u2013 stimulates collagen synthesis and acts as a powerful antioxidant.<\/p>\n<p>&nbsp;<\/p>\n<p>The cream provides an instant feeling of revitalization. With regular use, it contributes to a visible reduction in wrinkles, improved texture, and even skin tone, along with the beneficial effects of deep hydration.<\/p>\n<p>This cream is a favorite due to its comprehensive anti-aging effects: it makes the skin smoother, more elastic, and radiant.<\/p>","protected":false},"excerpt":{"rendered":"<p>Hranjiva krema za sna\u017enu anti-age\u00a0njegu. Wrinkle Force Multi Cream bori se protiv znakova starenja kombinacijom\u00a0u\u010dinkovitih sastojaka: Ceramide NP &#8211; poma\u017ee u zadr\u017eavanju vlage i ja\u010danju za\u0161titne barijere ko\u017ee Ekstrakt kolagena &#8211; pobolj\u0161ava\u00a0strukturu i \u010dvrsto\u0107u ko\u017ee Copper Tripeptide-1 &#8211; poti\u010de sintezu kolagena i djeluje kao sna\u017ean antioksidans &nbsp; Krema pru\u017ea trenuta\u010dni osje\u0107aj revitaliziranosti. Redovitim kori\u0161tenjem\u00a0doprinosi\u00a0vidljivom smanjenju [&hellip;]<\/p>\n","protected":false},"featured_media":1157,"comment_status":"open","ping_status":"closed","template":"","meta":{"_acf_changed":false},"product_brand":[],"product_cat":[15],"product_tag":[],"class_list":{"0":"post-1155","1":"product","2":"type-product","3":"status-publish","4":"has-post-thumbnail","6":"product_cat-kreme","8":"first","9":"instock","10":"featured","11":"shipping-taxable","12":"purchasable","13":"product-type-simple"},"acf":[],"_links":{"self":[{"href":"https:\/\/beautystudioariya.com\/en\/wp-json\/wp\/v2\/product\/1155","targetHints":{"allow":["GET"]}}],"collection":[{"href":"https:\/\/beautystudioariya.com\/en\/wp-json\/wp\/v2\/product"}],"about":[{"href":"https:\/\/beautystudioariya.com\/en\/wp-json\/wp\/v2\/types\/product"}],"replies":[{"embeddable":true,"href":"https:\/\/beautystudioariya.com\/en\/wp-json\/wp\/v2\/comments?post=1155"}],"wp:featuredmedia":[{"embeddable":true,"href":"https:\/\/beautystudioariya.com\/en\/wp-json\/wp\/v2\/media\/1157"}],"wp:attachment":[{"href":"https:\/\/beautystudioariya.com\/en\/wp-json\/wp\/v2\/media?parent=1155"}],"wp:term":[{"taxonomy":"product_brand","embeddable":true,"href":"https:\/\/beautystudioariya.com\/en\/wp-json\/wp\/v2\/product_brand?post=1155"},{"taxonomy":"product_cat","embeddable":true,"href":"https:\/\/beautystudioariya.com\/en\/wp-json\/wp\/v2\/product_cat?post=1155"},{"taxonomy":"product_tag","embeddable":true,"href":"https:\/\/beautystudioariya.com\/en\/wp-json\/wp\/v2\/product_tag?post=1155"}],"curies":[{"name":"wp","href":"https:\/\/api.w.org\/{rel}","templated":true}]}}