{"id":859,"date":"2025-08-20T14:26:28","date_gmt":"2025-08-20T12:26:28","guid":{"rendered":"https:\/\/beautystudioariya.com\/?page_id=859"},"modified":"2025-09-09T14:02:38","modified_gmt":"2025-09-09T12:02:38","slug":"depilacije","status":"publish","type":"page","link":"https:\/\/beautystudioariya.com\/en\/depilacije\/","title":{"rendered":"Waxing"},"content":{"rendered":"<div data-elementor-type=\"wp-page\" data-elementor-id=\"859\" class=\"elementor elementor-859\" data-elementor-post-type=\"page\">\n\t\t\t\t<div class=\"elementor-element elementor-element-54e177a e-con-full e-flex e-con e-parent\" data-id=\"54e177a\" data-element_type=\"container\" data-e-type=\"container\" data-settings=\"{&quot;background_background&quot;:&quot;classic&quot;}\">\n\t\t\t\t<div class=\"elementor-element elementor-element-69b9311 elementor-widget__width-inherit elementor-widget elementor-widget-heading\" data-id=\"69b9311\" data-element_type=\"widget\" data-e-type=\"widget\" data-widget_type=\"heading.default\">\n\t\t\t\t\t<h2 class=\"elementor-heading-title elementor-size-default\">Waxing<\/h2>\t\t\t\t<\/div>\n\t\t\t\t<div class=\"elementor-element elementor-element-1892c44 elementor-widget elementor-widget-woocommerce-breadcrumb\" data-id=\"1892c44\" data-element_type=\"widget\" data-e-type=\"widget\" data-widget_type=\"woocommerce-breadcrumb.default\">\n\t\t\t\t\t<nav class=\"woocommerce-breadcrumb\" aria-label=\"Breadcrumb\" data-no-translation=\"\" data-trp-gettext=\"\">Homepage<\/nav>\t\t\t\t<\/div>\n\t\t\t\t<\/div>\n\t\t<div class=\"elementor-element elementor-element-a3cea68 e-con-full e-flex e-con e-parent\" data-id=\"a3cea68\" data-element_type=\"container\" data-e-type=\"container\">\n\t\t<div class=\"elementor-element elementor-element-68efd63 e-con-full e-flex e-con e-child\" data-id=\"68efd63\" data-element_type=\"container\" data-e-type=\"container\">\n\t\t\t\t<div class=\"elementor-element elementor-element-92a670b elementor-widget elementor-widget-image\" data-id=\"92a670b\" data-element_type=\"widget\" data-e-type=\"widget\" data-widget_type=\"image.default\">\n\t\t\t\t\t\t\t\t\t\t\t\t\t\t\t<img fetchpriority=\"high\" decoding=\"async\" width=\"800\" height=\"532\" src=\"https:\/\/beautystudioariya.com\/wp-content\/uploads\/2025\/09\/shutterstock_2388182701-1024x681.webp\" class=\"attachment-large size-large wp-image-1222\" alt=\"Depilacija voskom Beauty studio by Ariana\" srcset=\"https:\/\/beautystudioariya.com\/wp-content\/uploads\/2025\/09\/shutterstock_2388182701-1024x681.webp 1024w, https:\/\/beautystudioariya.com\/wp-content\/uploads\/2025\/09\/shutterstock_2388182701-300x200.webp 300w, https:\/\/beautystudioariya.com\/wp-content\/uploads\/2025\/09\/shutterstock_2388182701-768x511.webp 768w, https:\/\/beautystudioariya.com\/wp-content\/uploads\/2025\/09\/shutterstock_2388182701-600x399.webp 600w, https:\/\/beautystudioariya.com\/wp-content\/uploads\/2025\/09\/shutterstock_2388182701-64x43.webp 64w, https:\/\/beautystudioariya.com\/wp-content\/uploads\/2025\/09\/shutterstock_2388182701.webp 1452w\" sizes=\"(max-width: 800px) 100vw, 800px\" \/>\t\t\t\t\t\t\t\t\t\t\t\t\t\t\t<\/div>\n\t\t\t\t<\/div>\n\t\t<div class=\"elementor-element elementor-element-1c10b9c e-con-full e-flex e-con e-child\" data-id=\"1c10b9c\" data-element_type=\"container\" data-e-type=\"container\">\n\t\t\t\t<div class=\"elementor-element elementor-element-5ada67b elementor-widget__width-initial elementor-widget elementor-widget-text-editor\" data-id=\"5ada67b\" data-element_type=\"widget\" data-e-type=\"widget\" data-widget_type=\"text-editor.default\">\n\t\t\t\t\t\t\t\t\t<p>At our salon, we offer a premium waxing experience using luxurious pearl wax. This innovative method not only removes hair with exceptional precision and leaves skin perfectly smooth, but also nourishes, soothes, and hydrates.<\/p><p>Thanks to its gentle and nourishing properties, pearl wax leaves the skin soft, radiant, and irritation-free. Our skilled aestheticians are dedicated to your comfort and professional care, ensuring you feel relaxed, pampered, and completely satisfied.<\/p><p>Whether preparing for a special occasion or simply treating yourself to a moment of luxury, pearl wax is the perfect choice. Experience a treatment that combines elegance, superior care, and long-lasting results.<\/p><p>Visit us and feel the difference \u2013 because your skin deserves the very best.<\/p>\t\t\t\t\t\t\t\t<\/div>\n\t\t\t\t<\/div>\n\t\t\t\t<\/div>\n\t\t\t\t<\/div>","protected":false},"excerpt":{"rendered":"<p>U na\u0161em salonu nudimo vrhunsko iskustvo depilacije koriste\u0107i luksuzni vosak u perlama. Ova inovativna metoda ne samo da uklanja dla\u010dice s iznimnom precizno\u0161\u0107u i daje savr\u0161eno glatku ko\u017eu, ve\u0107 istovremeno njeguje, umiruje i hidratizira. Zahvaljuju\u0107i svojim delikatnim i hranjivim svojstvima, perla vosak ostavlja ko\u017eu mekanom, blistavom i bez iritacija. Na\u0161e stru\u010dne kozmeti\u010darke posve\u0107ene su va\u0161em [&hellip;]<\/p>\n","protected":false},"author":1,"featured_media":0,"parent":0,"menu_order":0,"comment_status":"closed","ping_status":"closed","template":"","meta":{"_acf_changed":false,"footnotes":""},"class_list":["post-859","page","type-page","status-publish","hentry"],"acf":[],"_links":{"self":[{"href":"https:\/\/beautystudioariya.com\/en\/wp-json\/wp\/v2\/pages\/859","targetHints":{"allow":["GET"]}}],"collection":[{"href":"https:\/\/beautystudioariya.com\/en\/wp-json\/wp\/v2\/pages"}],"about":[{"href":"https:\/\/beautystudioariya.com\/en\/wp-json\/wp\/v2\/types\/page"}],"author":[{"embeddable":true,"href":"https:\/\/beautystudioariya.com\/en\/wp-json\/wp\/v2\/users\/1"}],"replies":[{"embeddable":true,"href":"https:\/\/beautystudioariya.com\/en\/wp-json\/wp\/v2\/comments?post=859"}],"version-history":[{"count":19,"href":"https:\/\/beautystudioariya.com\/en\/wp-json\/wp\/v2\/pages\/859\/revisions"}],"predecessor-version":[{"id":1629,"href":"https:\/\/beautystudioariya.com\/en\/wp-json\/wp\/v2\/pages\/859\/revisions\/1629"}],"wp:attachment":[{"href":"https:\/\/beautystudioariya.com\/en\/wp-json\/wp\/v2\/media?parent=859"}],"curies":[{"name":"wp","href":"https:\/\/api.w.org\/{rel}","templated":true}]}}