{"id":834,"date":"2025-08-20T14:20:24","date_gmt":"2025-08-20T12:20:24","guid":{"rendered":"https:\/\/beautystudioariya.com\/?page_id=834"},"modified":"2025-09-09T13:50:18","modified_gmt":"2025-09-09T11:50:18","slug":"ekstenzije-trepavica","status":"publish","type":"page","link":"https:\/\/beautystudioariya.com\/en\/ekstenzije-trepavica\/","title":{"rendered":"Lashes extension"},"content":{"rendered":"<div data-elementor-type=\"wp-page\" data-elementor-id=\"834\" class=\"elementor elementor-834\" data-elementor-post-type=\"page\">\n\t\t\t\t<div class=\"elementor-element elementor-element-ae21714 e-con-full e-flex e-con e-parent\" data-id=\"ae21714\" data-element_type=\"container\" data-e-type=\"container\" data-settings=\"{&quot;background_background&quot;:&quot;classic&quot;}\">\n\t\t\t\t<div class=\"elementor-element elementor-element-53a35ec elementor-widget__width-inherit elementor-widget elementor-widget-heading\" data-id=\"53a35ec\" data-element_type=\"widget\" data-e-type=\"widget\" data-widget_type=\"heading.default\">\n\t\t\t\t\t<h2 class=\"elementor-heading-title elementor-size-default\">Lashes extension<\/h2>\t\t\t\t<\/div>\n\t\t\t\t<div class=\"elementor-element elementor-element-cd6bb26 elementor-widget elementor-widget-woocommerce-breadcrumb\" data-id=\"cd6bb26\" data-element_type=\"widget\" data-e-type=\"widget\" data-widget_type=\"woocommerce-breadcrumb.default\">\n\t\t\t\t\t<nav class=\"woocommerce-breadcrumb\" aria-label=\"Breadcrumb\" data-no-translation=\"\" data-trp-gettext=\"\">Homepage<\/nav>\t\t\t\t<\/div>\n\t\t\t\t<\/div>\n\t\t<div class=\"elementor-element elementor-element-359c1de e-con-full e-flex e-con e-parent\" data-id=\"359c1de\" data-element_type=\"container\" data-e-type=\"container\">\n\t\t<div class=\"elementor-element elementor-element-5d1ef51 e-con-full e-flex e-con e-child\" data-id=\"5d1ef51\" data-element_type=\"container\" data-e-type=\"container\">\n\t\t\t\t<div class=\"elementor-element elementor-element-f463a33 elementor-widget elementor-widget-image\" data-id=\"f463a33\" data-element_type=\"widget\" data-e-type=\"widget\" data-widget_type=\"image.default\">\n\t\t\t\t\t\t\t\t\t\t\t\t\t\t\t<img fetchpriority=\"high\" decoding=\"async\" width=\"800\" height=\"534\" src=\"https:\/\/beautystudioariya.com\/wp-content\/uploads\/2025\/09\/shutterstock_2393549781-copy-1024x683.webp\" class=\"attachment-large size-large wp-image-1224\" alt=\"Ekstenzije trepavica Beauty studio by Ariana\" srcset=\"https:\/\/beautystudioariya.com\/wp-content\/uploads\/2025\/09\/shutterstock_2393549781-copy-1024x683.webp 1024w, https:\/\/beautystudioariya.com\/wp-content\/uploads\/2025\/09\/shutterstock_2393549781-copy-300x200.webp 300w, https:\/\/beautystudioariya.com\/wp-content\/uploads\/2025\/09\/shutterstock_2393549781-copy-768x512.webp 768w, https:\/\/beautystudioariya.com\/wp-content\/uploads\/2025\/09\/shutterstock_2393549781-copy-1536x1024.webp 1536w, https:\/\/beautystudioariya.com\/wp-content\/uploads\/2025\/09\/shutterstock_2393549781-copy-600x400.webp 600w, https:\/\/beautystudioariya.com\/wp-content\/uploads\/2025\/09\/shutterstock_2393549781-copy-64x43.webp 64w, https:\/\/beautystudioariya.com\/wp-content\/uploads\/2025\/09\/shutterstock_2393549781-copy.webp 1966w\" sizes=\"(max-width: 800px) 100vw, 800px\" \/>\t\t\t\t\t\t\t\t\t\t\t\t\t\t\t<\/div>\n\t\t\t\t<\/div>\n\t\t<div class=\"elementor-element elementor-element-7be3dda e-con-full e-flex e-con e-child\" data-id=\"7be3dda\" data-element_type=\"container\" data-e-type=\"container\">\n\t\t\t\t<div class=\"elementor-element elementor-element-a68cda4 elementor-widget__width-initial elementor-widget elementor-widget-text-editor\" data-id=\"a68cda4\" data-element_type=\"widget\" data-e-type=\"widget\" data-widget_type=\"text-editor.default\">\n\t\t\t\t\t\t\t\t\t<p>At our salon, we specialize in premium eyelash extensions that enhance your natural beauty. Our trained lash technicians use high-quality materials, ensuring lashes that are not only stunning but also lightweight and comfortable to wear.<\/p><p>We offer volume lash extensions, allowing you to find the perfect look that complements your facial features and personal style. The precise application process guarantees long-lasting, perfectly shaped lashes, freeing you from daily mascara.<\/p><p>Whether you prefer a subtle, natural effect or a dramatic, glamorous look for special occasions, our eyelash extensions provide the perfect finishing touch.<\/p><p>Visit us and experience the transformation \u2013 captivate with your eyes!<\/p>\t\t\t\t\t\t\t\t<\/div>\n\t\t\t\t<\/div>\n\t\t\t\t<\/div>\n\t\t\t\t<\/div>","protected":false},"excerpt":{"rendered":"<p>U na\u0161em salonu specijalizirani smo za vrhunske ekstenzije trepavica koje na prirodan na\u010din isti\u010du va\u0161u ljepotu. Na\u0161i educirani lash tehni\u010dari koriste visokokvalitetne materijale, zahvaljuju\u0107i kojima su trepavice ne samo zadivljuju\u0107e, ve\u0107 i udobne te lagane za no\u0161enje. Nudimo volumenske ekstenzije. Kako biste prona\u0161li izgled koji savr\u0161eno nagla\u0161ava va\u0161e crte lica i odgovara va\u0161em osobnom stilu. [&hellip;]<\/p>\n","protected":false},"author":1,"featured_media":0,"parent":0,"menu_order":0,"comment_status":"closed","ping_status":"closed","template":"","meta":{"_acf_changed":false,"footnotes":""},"class_list":["post-834","page","type-page","status-publish","hentry"],"acf":[],"_links":{"self":[{"href":"https:\/\/beautystudioariya.com\/en\/wp-json\/wp\/v2\/pages\/834","targetHints":{"allow":["GET"]}}],"collection":[{"href":"https:\/\/beautystudioariya.com\/en\/wp-json\/wp\/v2\/pages"}],"about":[{"href":"https:\/\/beautystudioariya.com\/en\/wp-json\/wp\/v2\/types\/page"}],"author":[{"embeddable":true,"href":"https:\/\/beautystudioariya.com\/en\/wp-json\/wp\/v2\/users\/1"}],"replies":[{"embeddable":true,"href":"https:\/\/beautystudioariya.com\/en\/wp-json\/wp\/v2\/comments?post=834"}],"version-history":[{"count":32,"href":"https:\/\/beautystudioariya.com\/en\/wp-json\/wp\/v2\/pages\/834\/revisions"}],"predecessor-version":[{"id":1619,"href":"https:\/\/beautystudioariya.com\/en\/wp-json\/wp\/v2\/pages\/834\/revisions\/1619"}],"wp:attachment":[{"href":"https:\/\/beautystudioariya.com\/en\/wp-json\/wp\/v2\/media?parent=834"}],"curies":[{"name":"wp","href":"https:\/\/api.w.org\/{rel}","templated":true}]}}