{"id":822,"date":"2025-08-20T14:14:41","date_gmt":"2025-08-20T12:14:41","guid":{"rendered":"https:\/\/beautystudioariya.com\/?page_id=822"},"modified":"2025-09-09T13:30:19","modified_gmt":"2025-09-09T11:30:19","slug":"pedikura","status":"publish","type":"page","link":"https:\/\/beautystudioariya.com\/en\/pedikura\/","title":{"rendered":"Pedicure"},"content":{"rendered":"<div data-elementor-type=\"wp-page\" data-elementor-id=\"822\" class=\"elementor elementor-822\" data-elementor-post-type=\"page\">\n\t\t\t\t<div class=\"elementor-element elementor-element-639980a e-con-full e-flex e-con e-parent\" data-id=\"639980a\" data-element_type=\"container\" data-e-type=\"container\" data-settings=\"{&quot;background_background&quot;:&quot;classic&quot;}\">\n\t\t\t\t<div class=\"elementor-element elementor-element-6da8beb elementor-widget__width-inherit elementor-widget elementor-widget-heading\" data-id=\"6da8beb\" data-element_type=\"widget\" data-e-type=\"widget\" data-widget_type=\"heading.default\">\n\t\t\t\t\t<h2 class=\"elementor-heading-title elementor-size-default\">Pedicure<\/h2>\t\t\t\t<\/div>\n\t\t\t\t<div class=\"elementor-element elementor-element-f6361bf elementor-widget elementor-widget-woocommerce-breadcrumb\" data-id=\"f6361bf\" data-element_type=\"widget\" data-e-type=\"widget\" data-widget_type=\"woocommerce-breadcrumb.default\">\n\t\t\t\t\t<nav class=\"woocommerce-breadcrumb\" aria-label=\"Breadcrumb\" data-no-translation=\"\" data-trp-gettext=\"\">Homepage<\/nav>\t\t\t\t<\/div>\n\t\t\t\t<\/div>\n\t\t<div class=\"elementor-element elementor-element-e4fcbbd e-con-full e-flex e-con e-parent\" data-id=\"e4fcbbd\" data-element_type=\"container\" data-e-type=\"container\">\n\t\t<div class=\"elementor-element elementor-element-35bf71f e-con-full e-flex e-con e-child\" data-id=\"35bf71f\" data-element_type=\"container\" data-e-type=\"container\">\n\t\t\t\t<div class=\"elementor-element elementor-element-611c2f6 elementor-widget elementor-widget-image\" data-id=\"611c2f6\" data-element_type=\"widget\" data-e-type=\"widget\" data-widget_type=\"image.default\">\n\t\t\t\t\t\t\t\t\t\t\t\t\t\t\t<img fetchpriority=\"high\" decoding=\"async\" width=\"800\" height=\"523\" src=\"https:\/\/beautystudioariya.com\/wp-content\/uploads\/2025\/09\/shutterstock_1094519357-copy-1024x670.webp\" class=\"attachment-large size-large wp-image-1219\" alt=\"Pedikura Beauty studio by Ariana\" srcset=\"https:\/\/beautystudioariya.com\/wp-content\/uploads\/2025\/09\/shutterstock_1094519357-copy-1024x670.webp 1024w, https:\/\/beautystudioariya.com\/wp-content\/uploads\/2025\/09\/shutterstock_1094519357-copy-300x196.webp 300w, https:\/\/beautystudioariya.com\/wp-content\/uploads\/2025\/09\/shutterstock_1094519357-copy-768x502.webp 768w, https:\/\/beautystudioariya.com\/wp-content\/uploads\/2025\/09\/shutterstock_1094519357-copy-600x392.webp 600w, https:\/\/beautystudioariya.com\/wp-content\/uploads\/2025\/09\/shutterstock_1094519357-copy-64x42.webp 64w, https:\/\/beautystudioariya.com\/wp-content\/uploads\/2025\/09\/shutterstock_1094519357-copy.webp 1382w\" sizes=\"(max-width: 800px) 100vw, 800px\" \/>\t\t\t\t\t\t\t\t\t\t\t\t\t\t\t<\/div>\n\t\t\t\t<\/div>\n\t\t<div class=\"elementor-element elementor-element-ea94517 e-con-full e-flex e-con e-child\" data-id=\"ea94517\" data-element_type=\"container\" data-e-type=\"container\">\n\t\t\t\t<div class=\"elementor-element elementor-element-036b211 elementor-widget__width-inherit elementor-widget elementor-widget-heading\" data-id=\"036b211\" data-element_type=\"widget\" data-e-type=\"widget\" data-widget_type=\"heading.default\">\n\t\t\t\t\t<h3 class=\"elementor-heading-title elementor-size-default\">Pedicure<\/h3>\t\t\t\t<\/div>\n\t\t\t\t<div class=\"elementor-element elementor-element-4407fb5 elementor-widget__width-initial elementor-widget elementor-widget-text-editor\" data-id=\"4407fb5\" data-element_type=\"widget\" data-e-type=\"widget\" data-widget_type=\"text-editor.default\">\n\t\t\t\t\t\t\t\t\t<p>Caring for your feet is both an aesthetic and practical matter \u2013 and the two are inseparable.<\/p><p>Our feet endure a lot every day: they support the weight of our entire body and are often confined by footwear. Constant pressure and friction can lead not only to aesthetic concerns \u2013 like thickened skin, calluses, or ingrown nails \u2013 but also to practical issues, such as painful steps or difficulty walking.<\/p><p>Let us help you. With regular pedicure treatments, your feet won\u2019t just look better \u2013 you\u2019ll feel lighter, more agile, and happier with every step.<\/p>\t\t\t\t\t\t\t\t<\/div>\n\t\t\t\t<\/div>\n\t\t\t\t<\/div>\n\t\t<div class=\"elementor-element elementor-element-7c42b01 e-con-full e-flex e-con e-parent\" data-id=\"7c42b01\" data-element_type=\"container\" data-e-type=\"container\">\n\t\t<div class=\"elementor-element elementor-element-1d90e9c e-con-full e-flex e-con e-child\" data-id=\"1d90e9c\" data-element_type=\"container\" data-e-type=\"container\">\n\t\t\t\t<div class=\"elementor-element elementor-element-3d2c02b elementor-widget elementor-widget-image\" data-id=\"3d2c02b\" data-element_type=\"widget\" data-e-type=\"widget\" data-widget_type=\"image.default\">\n\t\t\t\t\t\t\t\t\t\t\t\t\t\t\t<img decoding=\"async\" width=\"800\" height=\"534\" src=\"https:\/\/beautystudioariya.com\/wp-content\/uploads\/2025\/09\/3370-1-1024x683.jpg\" class=\"attachment-large size-large wp-image-1592\" alt=\"\" srcset=\"https:\/\/beautystudioariya.com\/wp-content\/uploads\/2025\/09\/3370-1-1024x683.jpg 1024w, https:\/\/beautystudioariya.com\/wp-content\/uploads\/2025\/09\/3370-1-300x200.jpg 300w, https:\/\/beautystudioariya.com\/wp-content\/uploads\/2025\/09\/3370-1-768x512.jpg 768w, https:\/\/beautystudioariya.com\/wp-content\/uploads\/2025\/09\/3370-1-18x12.jpg 18w, https:\/\/beautystudioariya.com\/wp-content\/uploads\/2025\/09\/3370-1-600x400.jpg 600w, https:\/\/beautystudioariya.com\/wp-content\/uploads\/2025\/09\/3370-1-64x43.jpg 64w, https:\/\/beautystudioariya.com\/wp-content\/uploads\/2025\/09\/3370-1.jpg 1500w\" sizes=\"(max-width: 800px) 100vw, 800px\" \/>\t\t\t\t\t\t\t\t\t\t\t\t\t\t\t<\/div>\n\t\t\t\t<\/div>\n\t\t<div class=\"elementor-element elementor-element-d227bbe e-con-full e-flex e-con e-child\" data-id=\"d227bbe\" data-element_type=\"container\" data-e-type=\"container\">\n\t\t\t\t<div class=\"elementor-element elementor-element-351ba9b elementor-widget__width-inherit elementor-widget elementor-widget-heading\" data-id=\"351ba9b\" data-element_type=\"widget\" data-e-type=\"widget\" data-widget_type=\"heading.default\">\n\t\t\t\t\t<h4 class=\"elementor-heading-title elementor-size-default\">Esthetic pedicure<\/h4>\t\t\t\t<\/div>\n\t\t\t\t<div class=\"elementor-element elementor-element-1e1803f elementor-widget__width-initial elementor-widget elementor-widget-text-editor\" data-id=\"1e1803f\" data-element_type=\"widget\" data-e-type=\"widget\" data-widget_type=\"text-editor.default\">\n\t\t\t\t\t\t\t\t\t<p>Our Classic Pedicure begins with a soothing foot soak that relaxes and prepares the skin.<\/p><p>Nails are then shaped and groomed, and the treatment finishes with a nourishing mask, leaving your feet silky, revitalized, and ready for a more comfortable, energized stride.<\/p><p>Beauty is in the details \u2013 just like the feeling of relaxation and well-being.<\/p>\t\t\t\t\t\t\t\t<\/div>\n\t\t\t\t<\/div>\n\t\t\t\t<\/div>\n\t\t<div class=\"elementor-element elementor-element-f365826 e-con-full e-flex e-con e-parent\" data-id=\"f365826\" data-element_type=\"container\" data-e-type=\"container\">\n\t\t<div class=\"elementor-element elementor-element-bc14de5 e-con-full e-flex e-con e-child\" data-id=\"bc14de5\" data-element_type=\"container\" data-e-type=\"container\">\n\t\t\t\t<div class=\"elementor-element elementor-element-37971ef elementor-widget elementor-widget-image\" data-id=\"37971ef\" data-element_type=\"widget\" data-e-type=\"widget\" data-widget_type=\"image.default\">\n\t\t\t\t\t\t\t\t\t\t\t\t\t\t\t<img decoding=\"async\" width=\"800\" height=\"534\" src=\"https:\/\/beautystudioariya.com\/wp-content\/uploads\/2025\/09\/3373-1-1024x683.jpg\" class=\"attachment-large size-large wp-image-1594\" alt=\"\" srcset=\"https:\/\/beautystudioariya.com\/wp-content\/uploads\/2025\/09\/3373-1-1024x683.jpg 1024w, https:\/\/beautystudioariya.com\/wp-content\/uploads\/2025\/09\/3373-1-300x200.jpg 300w, https:\/\/beautystudioariya.com\/wp-content\/uploads\/2025\/09\/3373-1-768x512.jpg 768w, https:\/\/beautystudioariya.com\/wp-content\/uploads\/2025\/09\/3373-1-18x12.jpg 18w, https:\/\/beautystudioariya.com\/wp-content\/uploads\/2025\/09\/3373-1-600x400.jpg 600w, https:\/\/beautystudioariya.com\/wp-content\/uploads\/2025\/09\/3373-1-64x43.jpg 64w, https:\/\/beautystudioariya.com\/wp-content\/uploads\/2025\/09\/3373-1.jpg 1500w\" sizes=\"(max-width: 800px) 100vw, 800px\" \/>\t\t\t\t\t\t\t\t\t\t\t\t\t\t\t<\/div>\n\t\t\t\t<\/div>\n\t\t<div class=\"elementor-element elementor-element-6470bbd e-con-full e-flex e-con e-child\" data-id=\"6470bbd\" data-element_type=\"container\" data-e-type=\"container\">\n\t\t\t\t<div class=\"elementor-element elementor-element-e042316 elementor-widget__width-inherit elementor-widget elementor-widget-heading\" data-id=\"e042316\" data-element_type=\"widget\" data-e-type=\"widget\" data-widget_type=\"heading.default\">\n\t\t\t\t\t<h4 class=\"elementor-heading-title elementor-size-default\">Russian &amp; Mavex Pedicure <\/h4>\t\t\t\t<\/div>\n\t\t\t\t<div class=\"elementor-element elementor-element-6cd82bd elementor-widget__width-initial elementor-widget elementor-widget-text-editor\" data-id=\"6cd82bd\" data-element_type=\"widget\" data-e-type=\"widget\" data-widget_type=\"text-editor.default\">\n\t\t\t\t\t\t\t\t\t<p>For those seeking extra precision and luxury, we offer Russian and Mavex pedicures.<\/p><p>Russian Pedicure provides highly detailed care for nails and skin, removing calluses and imperfections while achieving perfect nail shaping.<\/p><p>Mavex Pedicure nourishes the skin with innovative, natural-based products, leaving your feet soft, smooth, and regenerated.<\/p><p>Whether you choose precision or indulgence, both treatments ensure flawless feet and a feeling of lightness with every step.<\/p>\t\t\t\t\t\t\t\t<\/div>\n\t\t\t\t<\/div>\n\t\t\t\t<\/div>\n\t\t\t\t<\/div>","protected":false},"excerpt":{"rendered":"<p>Pedikura Briga o stopalima ima i estetsku i prakti\u010dnu stranu \u2013 a one su me\u0111usobno nerazdvojive. Stopala svakodnevno podnose veliki pritisak: oslanjamo na njih te\u017einu cijelog tijela i dodatno ih sputavamo obu\u0107om. Stalno optere\u0107enje i trenje mogu uzrokovati ne samo estetske probleme \u2013 poput zadebljanja ko\u017ee, \u017euljeva ili uraslih noktiju \u2013 nego i prakti\u010dne pote\u0161ko\u0107e [&hellip;]<\/p>\n","protected":false},"author":1,"featured_media":0,"parent":0,"menu_order":0,"comment_status":"closed","ping_status":"closed","template":"elementor_header_footer","meta":{"_acf_changed":false,"footnotes":""},"class_list":["post-822","page","type-page","status-publish","hentry"],"acf":[],"_links":{"self":[{"href":"https:\/\/beautystudioariya.com\/en\/wp-json\/wp\/v2\/pages\/822","targetHints":{"allow":["GET"]}}],"collection":[{"href":"https:\/\/beautystudioariya.com\/en\/wp-json\/wp\/v2\/pages"}],"about":[{"href":"https:\/\/beautystudioariya.com\/en\/wp-json\/wp\/v2\/types\/page"}],"author":[{"embeddable":true,"href":"https:\/\/beautystudioariya.com\/en\/wp-json\/wp\/v2\/users\/1"}],"replies":[{"embeddable":true,"href":"https:\/\/beautystudioariya.com\/en\/wp-json\/wp\/v2\/comments?post=822"}],"version-history":[{"count":29,"href":"https:\/\/beautystudioariya.com\/en\/wp-json\/wp\/v2\/pages\/822\/revisions"}],"predecessor-version":[{"id":1600,"href":"https:\/\/beautystudioariya.com\/en\/wp-json\/wp\/v2\/pages\/822\/revisions\/1600"}],"wp:attachment":[{"href":"https:\/\/beautystudioariya.com\/en\/wp-json\/wp\/v2\/media?parent=822"}],"curies":[{"name":"wp","href":"https:\/\/api.w.org\/{rel}","templated":true}]}}