{"id":482,"date":"2025-08-13T15:28:14","date_gmt":"2025-08-13T13:28:14","guid":{"rendered":"https:\/\/beautystudioariya.com\/?page_id=482"},"modified":"2025-09-02T14:37:08","modified_gmt":"2025-09-02T12:37:08","slug":"korejski-koncept-ljepote","status":"publish","type":"page","link":"https:\/\/beautystudioariya.com\/en\/korejski-koncept-ljepote\/","title":{"rendered":"The K-beauty concept"},"content":{"rendered":"<div data-elementor-type=\"wp-page\" data-elementor-id=\"482\" class=\"elementor elementor-482\" data-elementor-post-type=\"page\">\n\t\t\t\t<div class=\"elementor-element elementor-element-69c3b24 e-con-full e-flex e-con e-parent\" data-id=\"69c3b24\" data-element_type=\"container\" data-e-type=\"container\" data-settings=\"{&quot;background_background&quot;:&quot;classic&quot;}\">\n\t\t\t\t<div class=\"elementor-element elementor-element-cb61c81 elementor-widget__width-inherit elementor-widget elementor-widget-heading\" data-id=\"cb61c81\" data-element_type=\"widget\" data-e-type=\"widget\" data-widget_type=\"heading.default\">\n\t\t\t\t\t<h2 class=\"elementor-heading-title elementor-size-default\">The K-beauty concept<\/h2>\t\t\t\t<\/div>\n\t\t\t\t<div class=\"elementor-element elementor-element-08b3595 elementor-widget elementor-widget-woocommerce-breadcrumb\" data-id=\"08b3595\" data-element_type=\"widget\" data-e-type=\"widget\" data-widget_type=\"woocommerce-breadcrumb.default\">\n\t\t\t\t\t<nav class=\"woocommerce-breadcrumb\" aria-label=\"Breadcrumb\" data-no-translation=\"\" data-trp-gettext=\"\">Homepage<\/nav>\t\t\t\t<\/div>\n\t\t\t\t<\/div>\n\t\t<div class=\"elementor-element elementor-element-68c9bbc e-con-full e-flex e-con e-parent\" data-id=\"68c9bbc\" data-element_type=\"container\" data-e-type=\"container\">\n\t\t<div class=\"elementor-element elementor-element-c155d46 e-con-full e-flex e-con e-child\" data-id=\"c155d46\" data-element_type=\"container\" data-e-type=\"container\">\n\t\t\t\t<div class=\"elementor-element elementor-element-8916c96 elementor-widget__width-inherit elementor-widget elementor-widget-heading\" data-id=\"8916c96\" data-element_type=\"widget\" data-e-type=\"widget\" data-widget_type=\"heading.default\">\n\t\t\t\t\t<h3 class=\"elementor-heading-title elementor-size-default\">K-Beauty<\/h3>\t\t\t\t<\/div>\n\t\t\t\t<div class=\"elementor-element elementor-element-ad7a260 elementor-widget__width-initial elementor-widget elementor-widget-text-editor\" data-id=\"ad7a260\" data-element_type=\"widget\" data-e-type=\"widget\" data-widget_type=\"text-editor.default\">\n\t\t\t\t\t\t\t\t\t<p><strong>K-Beauty<\/strong> is a holistic philosophy that emphasizes skin care with care, patience, and respect. The effectiveness and uniqueness of this approach are made up of 4 main components that guide us at Ariya's.<\/p>\t\t\t\t\t\t\t\t<\/div>\n\t\t\t\t<div class=\"elementor-element elementor-element-fe0c149 elementor-widget__width-inherit elementor-widget elementor-widget-heading\" data-id=\"fe0c149\" data-element_type=\"widget\" data-e-type=\"widget\" data-widget_type=\"heading.default\">\n\t\t\t\t\t<h3 class=\"elementor-heading-title elementor-size-default\">Innovative products<\/h3>\t\t\t\t<\/div>\n\t\t\t\t<div class=\"elementor-element elementor-element-28041d9 elementor-widget__width-initial elementor-widget elementor-widget-text-editor\" data-id=\"28041d9\" data-element_type=\"widget\" data-e-type=\"widget\" data-widget_type=\"text-editor.default\">\n\t\t\t\t\t\t\t\t\t<p>In our studio, you will have the opportunity to get acquainted with innovative Korean products and formulations. You will be fascinated by the refining effects of Korean serums and face masks, the rich textures of Korean creams, and the relaxing effects of healthy balanced fragrances.<\/p>\t\t\t\t\t\t\t\t<\/div>\n\t\t\t\t<div class=\"elementor-element elementor-element-4d3bda2 elementor-widget__width-inherit elementor-widget elementor-widget-heading\" data-id=\"4d3bda2\" data-element_type=\"widget\" data-e-type=\"widget\" data-widget_type=\"heading.default\">\n\t\t\t\t\t<h3 class=\"elementor-heading-title elementor-size-default\">Personalized routines<\/h3>\t\t\t\t<\/div>\n\t\t\t\t<div class=\"elementor-element elementor-element-b7dc4de elementor-widget__width-initial elementor-widget elementor-widget-text-editor\" data-id=\"b7dc4de\" data-element_type=\"widget\" data-e-type=\"widget\" data-widget_type=\"text-editor.default\">\n\t\t\t\t\t\t\t\t\t<p>K-beauty emphasizes the importance of tailoring skincare treatments to meet individual needs. This approach recognizes that everyone's skin is unique, and influenced by various factors such as environmental conditions, lifestyle, and personal preferences. This adaptability fosters a deeper understanding of one\u2019s skin and requirements, leading to more effective results and a healthier complexion.<\/p>\t\t\t\t\t\t\t\t<\/div>\n\t\t\t\t<div class=\"elementor-element elementor-element-0d6d707 elementor-widget__width-inherit elementor-widget elementor-widget-heading\" data-id=\"0d6d707\" data-element_type=\"widget\" data-e-type=\"widget\" data-widget_type=\"heading.default\">\n\t\t\t\t\t<h3 class=\"elementor-heading-title elementor-size-default\">Inclusive beauty standards<\/h3>\t\t\t\t<\/div>\n\t\t\t\t<div class=\"elementor-element elementor-element-535acf2 elementor-widget__width-initial elementor-widget elementor-widget-text-editor\" data-id=\"535acf2\" data-element_type=\"widget\" data-e-type=\"widget\" data-widget_type=\"text-editor.default\">\n\t\t\t\t\t\t\t\t\t<p>K-beauty promotes healthy skin according to age and climate, rather than a stereotyped ideal of beauty. This inclusivity resonates with people of all generations and from different backgrounds. Beauty has countless faces, and we pay full and deep attention to all, respecting and embracing the wonderful diversity.<\/p>\t\t\t\t\t\t\t\t<\/div>\n\t\t\t\t<div class=\"elementor-element elementor-element-0c37694 elementor-widget__width-inherit elementor-widget elementor-widget-heading\" data-id=\"0c37694\" data-element_type=\"widget\" data-e-type=\"widget\" data-widget_type=\"heading.default\">\n\t\t\t\t\t<h3 class=\"elementor-heading-title elementor-size-default\">Visible results<\/h3>\t\t\t\t<\/div>\n\t\t\t\t<div class=\"elementor-element elementor-element-1ddc35c elementor-widget__width-initial elementor-widget elementor-widget-text-editor\" data-id=\"1ddc35c\" data-element_type=\"widget\" data-e-type=\"widget\" data-widget_type=\"text-editor.default\">\n\t\t\t\t\t\t\t\t\t<p>Visible skin health and appearance improvements have turned many skeptics into loyal followers. The stories of personal transformation not only inspire loyalty but also foster a growing community of believers in the power of dedicated skincare. This shift highlights the importance of self-care and the profound impact of a well-crafted regimen on one\u2019s confidence and overall well-being.<\/p>\t\t\t\t\t\t\t\t<\/div>\n\t\t\t\t<\/div>\n\t\t\t\t<\/div>\n\t\t\t\t<\/div>","protected":false},"excerpt":{"rendered":"<p>K-Beauty K-Beauty je holisti\u010dka filozofija koja nagla\u0161ava njegu ko\u017ee uz brigu, strpljenje i po\u0161tovanje. U\u010dinkovitost i jedinstvenost ovoga pristupa \u010dine 4 glavne komponente kojima se rukovodimo i mi u salonu Ariya: Inovativni proizvodi U na\u0161em \u0107ete se salonu imati prilike upoznati s inovativnim korejskim proizvodima i formulacijama. Fascinirat \u0107e vas oplemenjuju\u0107e djelovanje korejskih seruma i [&hellip;]<\/p>\n","protected":false},"author":1,"featured_media":0,"parent":0,"menu_order":0,"comment_status":"closed","ping_status":"closed","template":"","meta":{"_acf_changed":false,"footnotes":""},"class_list":["post-482","page","type-page","status-publish","hentry"],"acf":[],"_links":{"self":[{"href":"https:\/\/beautystudioariya.com\/en\/wp-json\/wp\/v2\/pages\/482","targetHints":{"allow":["GET"]}}],"collection":[{"href":"https:\/\/beautystudioariya.com\/en\/wp-json\/wp\/v2\/pages"}],"about":[{"href":"https:\/\/beautystudioariya.com\/en\/wp-json\/wp\/v2\/types\/page"}],"author":[{"embeddable":true,"href":"https:\/\/beautystudioariya.com\/en\/wp-json\/wp\/v2\/users\/1"}],"replies":[{"embeddable":true,"href":"https:\/\/beautystudioariya.com\/en\/wp-json\/wp\/v2\/comments?post=482"}],"version-history":[{"count":15,"href":"https:\/\/beautystudioariya.com\/en\/wp-json\/wp\/v2\/pages\/482\/revisions"}],"predecessor-version":[{"id":1289,"href":"https:\/\/beautystudioariya.com\/en\/wp-json\/wp\/v2\/pages\/482\/revisions\/1289"}],"wp:attachment":[{"href":"https:\/\/beautystudioariya.com\/en\/wp-json\/wp\/v2\/media?parent=482"}],"curies":[{"name":"wp","href":"https:\/\/api.w.org\/{rel}","templated":true}]}}