{"id":474,"date":"2025-08-13T14:37:20","date_gmt":"2025-08-13T12:37:20","guid":{"rendered":"https:\/\/beautystudioariya.com\/?page_id=474"},"modified":"2025-09-08T12:21:54","modified_gmt":"2025-09-08T10:21:54","slug":"manikura","status":"publish","type":"page","link":"https:\/\/beautystudioariya.com\/en\/manikura\/","title":{"rendered":"Manicure"},"content":{"rendered":"<div data-elementor-type=\"wp-page\" data-elementor-id=\"474\" class=\"elementor elementor-474\" data-elementor-post-type=\"page\">\n\t\t\t\t<div class=\"elementor-element elementor-element-062a792 e-con-full e-flex e-con e-parent\" data-id=\"062a792\" data-element_type=\"container\" data-e-type=\"container\" data-settings=\"{&quot;background_background&quot;:&quot;classic&quot;}\">\n\t\t\t\t<div class=\"elementor-element elementor-element-0c53847 elementor-widget__width-inherit elementor-widget elementor-widget-heading\" data-id=\"0c53847\" data-element_type=\"widget\" data-e-type=\"widget\" data-widget_type=\"heading.default\">\n\t\t\t\t\t<h2 class=\"elementor-heading-title elementor-size-default\">Manicure<\/h2>\t\t\t\t<\/div>\n\t\t\t\t<div class=\"elementor-element elementor-element-182ae02 elementor-widget elementor-widget-woocommerce-breadcrumb\" data-id=\"182ae02\" data-element_type=\"widget\" data-e-type=\"widget\" data-widget_type=\"woocommerce-breadcrumb.default\">\n\t\t\t\t\t<nav class=\"woocommerce-breadcrumb\" aria-label=\"Breadcrumb\" data-no-translation=\"\" data-trp-gettext=\"\">Homepage<\/nav>\t\t\t\t<\/div>\n\t\t\t\t<\/div>\n\t\t<div class=\"elementor-element elementor-element-2097b61 e-con-full e-flex e-con e-parent\" data-id=\"2097b61\" data-element_type=\"container\" data-e-type=\"container\">\n\t\t<div class=\"elementor-element elementor-element-f03639c e-con-full e-flex e-con e-child\" data-id=\"f03639c\" data-element_type=\"container\" data-e-type=\"container\">\n\t\t\t\t<div class=\"elementor-element elementor-element-fccd801 elementor-widget elementor-widget-image\" data-id=\"fccd801\" data-element_type=\"widget\" data-e-type=\"widget\" data-widget_type=\"image.default\">\n\t\t\t\t\t\t\t\t\t\t\t\t\t\t\t<img fetchpriority=\"high\" decoding=\"async\" width=\"760\" height=\"904\" src=\"https:\/\/beautystudioariya.com\/wp-content\/uploads\/2025\/09\/shutterstock_2000420870.webp\" class=\"attachment-large size-large wp-image-1221\" alt=\"\" srcset=\"https:\/\/beautystudioariya.com\/wp-content\/uploads\/2025\/09\/shutterstock_2000420870.webp 760w, https:\/\/beautystudioariya.com\/wp-content\/uploads\/2025\/09\/shutterstock_2000420870-252x300.webp 252w, https:\/\/beautystudioariya.com\/wp-content\/uploads\/2025\/09\/shutterstock_2000420870-600x714.webp 600w, https:\/\/beautystudioariya.com\/wp-content\/uploads\/2025\/09\/shutterstock_2000420870-64x76.webp 64w\" sizes=\"(max-width: 760px) 100vw, 760px\" \/>\t\t\t\t\t\t\t\t\t\t\t\t\t\t\t<\/div>\n\t\t\t\t<\/div>\n\t\t<div class=\"elementor-element elementor-element-3f9e1b1 e-con-full e-flex e-con e-child\" data-id=\"3f9e1b1\" data-element_type=\"container\" data-e-type=\"container\">\n\t\t\t\t<div class=\"elementor-element elementor-element-ac41959 elementor-widget__width-inherit elementor-widget elementor-widget-heading\" data-id=\"ac41959\" data-element_type=\"widget\" data-e-type=\"widget\" data-widget_type=\"heading.default\">\n\t\t\t\t\t<h3 class=\"elementor-heading-title elementor-size-default\">Manicure<\/h3>\t\t\t\t<\/div>\n\t\t\t\t<div class=\"elementor-element elementor-element-7e484fa elementor-widget__width-initial elementor-widget elementor-widget-text-editor\" data-id=\"7e484fa\" data-element_type=\"widget\" data-e-type=\"widget\" data-widget_type=\"text-editor.default\">\n\t\t\t\t\t\t\t\t\t<p>Well-groomed hands are an essential part of feminine charm. That\u2019s why a manicure at our salon is more than nail care \u2013 it\u2019s a little wellness ritual that leaves you feeling renewed. Beauty begins with the feeling of comfort.<\/p><p>After shaping and perfecting your nails, we treat you to a soothing hand massage that leaves your skin soft and silky. The finishing touch is a polish or treatment of your choice, carefully selected to make your hands and nails shine at their very best.<\/p><p>Beauty is right at your fingertips \u2013 all you have to do is reach for it!<\/p>\t\t\t\t\t\t\t\t<\/div>\n\t\t\t\t<\/div>\n\t\t\t\t<\/div>\n\t\t<div class=\"elementor-element elementor-element-5887c9f e-con-full e-flex e-con e-parent\" data-id=\"5887c9f\" data-element_type=\"container\" data-e-type=\"container\">\n\t\t<div class=\"elementor-element elementor-element-e91e7d0 e-con-full e-flex e-con e-child\" data-id=\"e91e7d0\" data-element_type=\"container\" data-e-type=\"container\">\n\t\t\t\t<div class=\"elementor-element elementor-element-2a87e2f elementor-widget elementor-widget-image\" data-id=\"2a87e2f\" data-element_type=\"widget\" data-e-type=\"widget\" data-widget_type=\"image.default\">\n\t\t\t\t\t\t\t\t\t\t\t\t\t\t\t<img decoding=\"async\" width=\"800\" height=\"800\" src=\"https:\/\/beautystudioariya.com\/wp-content\/uploads\/2025\/09\/shutterstock_2519480915-copy-1024x1024.webp\" class=\"attachment-large size-large wp-image-1227\" alt=\"Trajni lak Beauty studio by Ariana\" srcset=\"https:\/\/beautystudioariya.com\/wp-content\/uploads\/2025\/09\/shutterstock_2519480915-copy-1024x1024.webp 1024w, https:\/\/beautystudioariya.com\/wp-content\/uploads\/2025\/09\/shutterstock_2519480915-copy-300x300.webp 300w, https:\/\/beautystudioariya.com\/wp-content\/uploads\/2025\/09\/shutterstock_2519480915-copy-150x150.webp 150w, https:\/\/beautystudioariya.com\/wp-content\/uploads\/2025\/09\/shutterstock_2519480915-copy-768x768.webp 768w, https:\/\/beautystudioariya.com\/wp-content\/uploads\/2025\/09\/shutterstock_2519480915-copy-600x600.webp 600w, https:\/\/beautystudioariya.com\/wp-content\/uploads\/2025\/09\/shutterstock_2519480915-copy-100x100.webp 100w, https:\/\/beautystudioariya.com\/wp-content\/uploads\/2025\/09\/shutterstock_2519480915-copy-64x64.webp 64w, https:\/\/beautystudioariya.com\/wp-content\/uploads\/2025\/09\/shutterstock_2519480915-copy.webp 1080w\" sizes=\"(max-width: 800px) 100vw, 800px\" \/>\t\t\t\t\t\t\t\t\t\t\t\t\t\t\t<\/div>\n\t\t\t\t<\/div>\n\t\t<div class=\"elementor-element elementor-element-0d178e5 e-con-full e-flex e-con e-child\" data-id=\"0d178e5\" data-element_type=\"container\" data-e-type=\"container\">\n\t\t\t\t<div class=\"elementor-element elementor-element-79c6458 elementor-widget__width-inherit elementor-widget elementor-widget-heading\" data-id=\"79c6458\" data-element_type=\"widget\" data-e-type=\"widget\" data-widget_type=\"heading.default\">\n\t\t\t\t\t<h4 class=\"elementor-heading-title elementor-size-default\">Shellac<\/h4>\t\t\t\t<\/div>\n\t\t\t\t<div class=\"elementor-element elementor-element-30f0928 elementor-widget__width-initial elementor-widget elementor-widget-text-editor\" data-id=\"30f0928\" data-element_type=\"widget\" data-e-type=\"widget\" data-widget_type=\"text-editor.default\">\n\t\t\t\t\t\t\t\t\t<p class=\"body\" dir=\"auto\">Application: Applied just like regular polish \u2013 layer by layer \u2013 with each coat gently cured under a UV\/LED lamp for a flawless, long-lasting finish. <\/p><p class=\"body\" dir=\"auto\">Look: Natural, well-groomed nails with no added thickness. <\/p><p class=\"body\" dir=\"auto\">Removal: Gently filed off.<\/p>\t\t\t\t\t\t\t\t<\/div>\n\t\t\t\t<\/div>\n\t\t\t\t<\/div>\n\t\t<div class=\"elementor-element elementor-element-0ce73c0 e-con-full e-flex e-con e-parent\" data-id=\"0ce73c0\" data-element_type=\"container\" data-e-type=\"container\">\n\t\t<div class=\"elementor-element elementor-element-1100e74 e-con-full e-flex e-con e-child\" data-id=\"1100e74\" data-element_type=\"container\" data-e-type=\"container\">\n\t\t\t\t<div class=\"elementor-element elementor-element-6b3897f elementor-widget elementor-widget-image\" data-id=\"6b3897f\" data-element_type=\"widget\" data-e-type=\"widget\" data-widget_type=\"image.default\">\n\t\t\t\t\t\t\t\t\t\t\t\t\t\t\t<img decoding=\"async\" width=\"800\" height=\"1000\" src=\"https:\/\/beautystudioariya.com\/wp-content\/uploads\/2025\/09\/shutterstock_248902423512-819x1024.webp\" class=\"attachment-large size-large wp-image-1228\" alt=\"Gel lak Beauty studio by Ariana\" srcset=\"https:\/\/beautystudioariya.com\/wp-content\/uploads\/2025\/09\/shutterstock_248902423512-819x1024.webp 819w, https:\/\/beautystudioariya.com\/wp-content\/uploads\/2025\/09\/shutterstock_248902423512-240x300.webp 240w, https:\/\/beautystudioariya.com\/wp-content\/uploads\/2025\/09\/shutterstock_248902423512-768x960.webp 768w, https:\/\/beautystudioariya.com\/wp-content\/uploads\/2025\/09\/shutterstock_248902423512-600x750.webp 600w, https:\/\/beautystudioariya.com\/wp-content\/uploads\/2025\/09\/shutterstock_248902423512-64x80.webp 64w, https:\/\/beautystudioariya.com\/wp-content\/uploads\/2025\/09\/shutterstock_248902423512.webp 1200w\" sizes=\"(max-width: 800px) 100vw, 800px\" \/>\t\t\t\t\t\t\t\t\t\t\t\t\t\t\t<\/div>\n\t\t\t\t<\/div>\n\t\t<div class=\"elementor-element elementor-element-9a54eb0 e-con-full e-flex e-con e-child\" data-id=\"9a54eb0\" data-element_type=\"container\" data-e-type=\"container\">\n\t\t\t\t<div class=\"elementor-element elementor-element-129e5c4 elementor-widget__width-inherit elementor-widget elementor-widget-heading\" data-id=\"129e5c4\" data-element_type=\"widget\" data-e-type=\"widget\" data-widget_type=\"heading.default\">\n\t\t\t\t\t<h4 class=\"elementor-heading-title elementor-size-default\">Gel nail extension<\/h4>\t\t\t\t<\/div>\n\t\t\t\t<div class=\"elementor-element elementor-element-76d27bf elementor-widget__width-initial elementor-widget elementor-widget-text-editor\" data-id=\"76d27bf\" data-element_type=\"widget\" data-e-type=\"widget\" data-widget_type=\"text-editor.default\">\n\t\t\t\t\t\t\t\t\t<p class=\"body\" dir=\"auto\">What it is: Classic gel for nail extensions and shaping<\/p><p class=\"body\" dir=\"auto\">Application: Applied in multiple layers with a brush, using a thicker formula than regular gel polish<\/p><p class=\"body\" dir=\"auto\">Benefits: Nail extension and strengthening<\/p><p class=\"body\" dir=\"auto\">Look: Stronger, slightly thicker nails \u2013 perfect for naturally weak or brittle nails<\/p><p class=\"body\" dir=\"auto\">Longevity: Up to 3 weeks<\/p><p class=\"body\" dir=\"auto\">Removal: Gently filed off<\/p>\t\t\t\t\t\t\t\t<\/div>\n\t\t\t\t<\/div>\n\t\t\t\t<\/div>\n\t\t\t\t<\/div>","protected":false},"excerpt":{"rendered":"<p>Manikura Njegovane ruke va\u017ean su dio mozaika \u017eenstvenosti. Zato je manikura u na\u0161em salonu vi\u0161e od njege noktiju \u2013 to je oplemenjuju\u0107e mini wellness iskustvo. Ljepota va\u0161ih ruku po\u010dinje s osjetom ugode. Nakon oblikovanja i ure\u0111ivanja noktiju slijedi opu\u0161taju\u0107a masa\u017ea ruku koja \u0107e va\u0161u ko\u017eu u\u010diniti mekom i svilenkastom. Nakon detaljne manikurne obrade, zavr\u0161ni korak [&hellip;]<\/p>\n","protected":false},"author":1,"featured_media":0,"parent":0,"menu_order":0,"comment_status":"closed","ping_status":"closed","template":"","meta":{"_acf_changed":false,"footnotes":""},"class_list":["post-474","page","type-page","status-publish","hentry"],"acf":[],"_links":{"self":[{"href":"https:\/\/beautystudioariya.com\/en\/wp-json\/wp\/v2\/pages\/474","targetHints":{"allow":["GET"]}}],"collection":[{"href":"https:\/\/beautystudioariya.com\/en\/wp-json\/wp\/v2\/pages"}],"about":[{"href":"https:\/\/beautystudioariya.com\/en\/wp-json\/wp\/v2\/types\/page"}],"author":[{"embeddable":true,"href":"https:\/\/beautystudioariya.com\/en\/wp-json\/wp\/v2\/users\/1"}],"replies":[{"embeddable":true,"href":"https:\/\/beautystudioariya.com\/en\/wp-json\/wp\/v2\/comments?post=474"}],"version-history":[{"count":39,"href":"https:\/\/beautystudioariya.com\/en\/wp-json\/wp\/v2\/pages\/474\/revisions"}],"predecessor-version":[{"id":1557,"href":"https:\/\/beautystudioariya.com\/en\/wp-json\/wp\/v2\/pages\/474\/revisions\/1557"}],"wp:attachment":[{"href":"https:\/\/beautystudioariya.com\/en\/wp-json\/wp\/v2\/media?parent=474"}],"curies":[{"name":"wp","href":"https:\/\/api.w.org\/{rel}","templated":true}]}}