{"id":441,"date":"2025-08-13T13:37:39","date_gmt":"2025-08-13T11:37:39","guid":{"rendered":"https:\/\/beautystudioariya.com\/?page_id=441"},"modified":"2026-03-20T10:01:19","modified_gmt":"2026-03-20T09:01:19","slug":"upoznajte-arijanu","status":"publish","type":"page","link":"https:\/\/beautystudioariya.com\/en\/upoznajte-arijanu\/","title":{"rendered":"Meet Ariana"},"content":{"rendered":"<div data-elementor-type=\"wp-page\" data-elementor-id=\"441\" class=\"elementor elementor-441\" data-elementor-post-type=\"page\">\n\t\t\t\t<div class=\"elementor-element elementor-element-8692fd8 e-con-full e-flex e-con e-parent\" data-id=\"8692fd8\" data-element_type=\"container\" data-e-type=\"container\" data-settings=\"{&quot;background_background&quot;:&quot;classic&quot;}\">\n\t\t\t\t<div class=\"elementor-element elementor-element-2118a82 elementor-widget__width-inherit elementor-widget elementor-widget-heading\" data-id=\"2118a82\" data-element_type=\"widget\" data-e-type=\"widget\" data-widget_type=\"heading.default\">\n\t\t\t\t\t<h2 class=\"elementor-heading-title elementor-size-default\">Meet Ariana<\/h2>\t\t\t\t<\/div>\n\t\t\t\t<div class=\"elementor-element elementor-element-9d3f999 elementor-widget elementor-widget-woocommerce-breadcrumb\" data-id=\"9d3f999\" data-element_type=\"widget\" data-e-type=\"widget\" data-widget_type=\"woocommerce-breadcrumb.default\">\n\t\t\t\t\t<nav class=\"woocommerce-breadcrumb\" aria-label=\"Breadcrumb\" data-no-translation=\"\" data-trp-gettext=\"\">Homepage<\/nav>\t\t\t\t<\/div>\n\t\t\t\t<\/div>\n\t\t<div class=\"elementor-element elementor-element-685f018 e-con-full e-flex e-con e-parent\" data-id=\"685f018\" data-element_type=\"container\" data-e-type=\"container\">\n\t\t\t\t<div class=\"elementor-element elementor-element-db20a9a elementor-widget__width-initial elementor-widget-tablet__width-inherit elementor-widget elementor-widget-heading\" data-id=\"db20a9a\" data-element_type=\"widget\" data-e-type=\"widget\" data-widget_type=\"heading.default\">\n\t\t\t\t\t<h4 class=\"elementor-heading-title elementor-size-default\">Beauty studio Ariya<\/h4>\t\t\t\t<\/div>\n\t\t<div class=\"elementor-element elementor-element-b68dda0 e-con-full e-flex e-con e-child\" data-id=\"b68dda0\" data-element_type=\"container\" data-e-type=\"container\">\n\t\t\t\t<div class=\"elementor-element elementor-element-69b9b67 elementor-widget__width-initial elementor-widget elementor-widget-text-editor\" data-id=\"69b9b67\" data-element_type=\"widget\" data-e-type=\"widget\" data-widget_type=\"text-editor.default\">\n\t\t\t\t\t\t\t\t\t<p class=\"body-large\" dir=\"auto\">Ariana embodies the perfect fusion of artistry, expertise, and a genuine commitment to her client's unique requirements. Each treatment she provides is meticulously crafted to not only enhance the client's outer beauty but also to foster a profound sense of well-being that emanates from within.<\/p><p class=\"body-large\" dir=\"auto\">In a world where self-care is essential, Ariana\u2019s personalized touch provides the ultimate experience that makes every visit  to Beauty Studio Ariya  a part of an empowering aesthetic journey toward a lasting sense of vitality, confidence, and self-appreciation.<\/p>\t\t\t\t\t\t\t\t<\/div>\n\t\t\t\t<\/div>\n\t\t<div class=\"elementor-element elementor-element-bd67eb0 e-con-full e-flex e-con e-child\" data-id=\"bd67eb0\" data-element_type=\"container\" data-e-type=\"container\">\n\t\t\t\t<div class=\"elementor-element elementor-element-6a23fd5 elementor-widget elementor-widget-image\" data-id=\"6a23fd5\" data-element_type=\"widget\" data-e-type=\"widget\" data-widget_type=\"image.default\">\n\t\t\t\t\t\t\t\t\t\t\t\t\t\t\t<img fetchpriority=\"high\" decoding=\"async\" width=\"645\" height=\"1024\" src=\"https:\/\/beautystudioariya.com\/wp-content\/uploads\/2026\/03\/ariya2-645x1024.jpg\" class=\"attachment-large size-large wp-image-1939\" alt=\"\" srcset=\"https:\/\/beautystudioariya.com\/wp-content\/uploads\/2026\/03\/ariya2-645x1024.jpg 645w, https:\/\/beautystudioariya.com\/wp-content\/uploads\/2026\/03\/ariya2-189x300.jpg 189w, https:\/\/beautystudioariya.com\/wp-content\/uploads\/2026\/03\/ariya2-768x1220.jpg 768w, https:\/\/beautystudioariya.com\/wp-content\/uploads\/2026\/03\/ariya2-8x12.jpg 8w, https:\/\/beautystudioariya.com\/wp-content\/uploads\/2026\/03\/ariya2-600x953.jpg 600w, https:\/\/beautystudioariya.com\/wp-content\/uploads\/2026\/03\/ariya2-64x102.jpg 64w, https:\/\/beautystudioariya.com\/wp-content\/uploads\/2026\/03\/ariya2.jpg 816w\" sizes=\"(max-width: 645px) 100vw, 645px\" \/>\t\t\t\t\t\t\t\t\t\t\t\t\t\t\t<\/div>\n\t\t\t\t<\/div>\n\t\t\t\t<\/div>\n\t\t<div class=\"elementor-element elementor-element-8c1f29d e-con-full e-flex e-con e-parent\" data-id=\"8c1f29d\" data-element_type=\"container\" data-e-type=\"container\">\n\t\t\t\t<div class=\"elementor-element elementor-element-f7dfcd6 elementor-widget elementor-widget-gallery\" data-id=\"f7dfcd6\" data-element_type=\"widget\" data-e-type=\"widget\" data-settings=\"{&quot;gallery_layout&quot;:&quot;masonry&quot;,&quot;columns_tablet&quot;:3,&quot;columns_mobile&quot;:2,&quot;lazyload&quot;:&quot;yes&quot;,&quot;columns&quot;:4,&quot;gap&quot;:{&quot;unit&quot;:&quot;px&quot;,&quot;size&quot;:10,&quot;sizes&quot;:[]},&quot;gap_tablet&quot;:{&quot;unit&quot;:&quot;px&quot;,&quot;size&quot;:10,&quot;sizes&quot;:[]},&quot;gap_mobile&quot;:{&quot;unit&quot;:&quot;px&quot;,&quot;size&quot;:10,&quot;sizes&quot;:[]},&quot;link_to&quot;:&quot;file&quot;,&quot;overlay_background&quot;:&quot;yes&quot;,&quot;content_hover_animation&quot;:&quot;fade-in&quot;}\" data-widget_type=\"gallery.default\">\n\t\t\t\t\t\t\t<div class=\"elementor-gallery__container\">\n\t\t\t\t\t\t\t<a class=\"e-gallery-item elementor-gallery-item elementor-animated-content\" href=\"https:\/\/beautystudioariya.com\/wp-content\/uploads\/2025\/08\/2024-03-05-21-36-22-237-m5Kw96JqRgiX96NJ.png\" data-elementor-open-lightbox=\"yes\" data-elementor-lightbox-slideshow=\"f7dfcd6\" data-elementor-lightbox-title=\"2024-03-05-21-36-22-237-m5Kw96JqRgiX96NJ\" data-e-action-hash=\"#elementor-action%3Aaction%3Dlightbox%26settings%3DeyJpZCI6NDUyLCJ1cmwiOiJodHRwczpcL1wvYmVhdXR5c3R1ZGlvYXJpeWEuY29tXC93cC1jb250ZW50XC91cGxvYWRzXC8yMDI1XC8wOFwvMjAyNC0wMy0wNS0yMS0zNi0yMi0yMzctbTVLdzk2SnFSZ2lYOTZOSi5wbmciLCJzbGlkZXNob3ciOiJmN2RmY2Q2In0%3D\">\n\t\t\t\t\t<div class=\"e-gallery-image elementor-gallery-item__image\" data-thumbnail=\"https:\/\/beautystudioariya.com\/wp-content\/uploads\/2025\/08\/2024-03-05-21-36-22-237-m5Kw96JqRgiX96NJ.png\" data-width=\"375\" data-height=\"404\" aria-label=\"\" role=\"img\" ><\/div>\n\t\t\t\t\t\t\t\t\t\t\t<div class=\"elementor-gallery-item__overlay\"><\/div>\n\t\t\t\t\t\t\t\t\t\t\t\t\t\t<\/a>\n\t\t\t\t\t\t\t<a class=\"e-gallery-item elementor-gallery-item elementor-animated-content\" href=\"https:\/\/beautystudioariya.com\/wp-content\/uploads\/2025\/08\/2024-06-08-19-32-32-928-mv0D6prgBzSNeXDd.png\" data-elementor-open-lightbox=\"yes\" data-elementor-lightbox-slideshow=\"f7dfcd6\" data-elementor-lightbox-title=\"2024-06-08-19-32-32-928-mv0D6prgBzSNeXDd\" data-e-action-hash=\"#elementor-action%3Aaction%3Dlightbox%26settings%3DeyJpZCI6NDUzLCJ1cmwiOiJodHRwczpcL1wvYmVhdXR5c3R1ZGlvYXJpeWEuY29tXC93cC1jb250ZW50XC91cGxvYWRzXC8yMDI1XC8wOFwvMjAyNC0wNi0wOC0xOS0zMi0zMi05MjgtbXYwRDZwcmdCelNOZVhEZC5wbmciLCJzbGlkZXNob3ciOiJmN2RmY2Q2In0%3D\">\n\t\t\t\t\t<div class=\"e-gallery-image elementor-gallery-item__image\" data-thumbnail=\"https:\/\/beautystudioariya.com\/wp-content\/uploads\/2025\/08\/2024-06-08-19-32-32-928-mv0D6prgBzSNeXDd.png\" data-width=\"375\" data-height=\"408\" aria-label=\"\" role=\"img\" ><\/div>\n\t\t\t\t\t\t\t\t\t\t\t<div class=\"elementor-gallery-item__overlay\"><\/div>\n\t\t\t\t\t\t\t\t\t\t\t\t\t\t<\/a>\n\t\t\t\t\t\t\t<a class=\"e-gallery-item elementor-gallery-item elementor-animated-content\" href=\"https:\/\/beautystudioariya.com\/wp-content\/uploads\/2025\/08\/img-aa0786182e5ba32c460ea2be62ddcb40-v-dWxBOQLZByi7PJkJ.png\" data-elementor-open-lightbox=\"yes\" data-elementor-lightbox-slideshow=\"f7dfcd6\" data-elementor-lightbox-title=\"img-aa0786182e5ba32c460ea2be62ddcb40-v-dWxBOQLZByi7PJkJ\" data-e-action-hash=\"#elementor-action%3Aaction%3Dlightbox%26settings%3DeyJpZCI6NDU0LCJ1cmwiOiJodHRwczpcL1wvYmVhdXR5c3R1ZGlvYXJpeWEuY29tXC93cC1jb250ZW50XC91cGxvYWRzXC8yMDI1XC8wOFwvaW1nLWFhMDc4NjE4MmU1YmEzMmM0NjBlYTJiZTYyZGRjYjQwLXYtZFd4Qk9RTFpCeWk3UEprSi5wbmciLCJzbGlkZXNob3ciOiJmN2RmY2Q2In0%3D\">\n\t\t\t\t\t<div class=\"e-gallery-image elementor-gallery-item__image\" data-thumbnail=\"https:\/\/beautystudioariya.com\/wp-content\/uploads\/2025\/08\/img-aa0786182e5ba32c460ea2be62ddcb40-v-dWxBOQLZByi7PJkJ.png\" data-width=\"768\" data-height=\"542\" aria-label=\"\" role=\"img\" ><\/div>\n\t\t\t\t\t\t\t\t\t\t\t<div class=\"elementor-gallery-item__overlay\"><\/div>\n\t\t\t\t\t\t\t\t\t\t\t\t\t\t<\/a>\n\t\t\t\t\t\t\t<a class=\"e-gallery-item elementor-gallery-item elementor-animated-content\" href=\"https:\/\/beautystudioariya.com\/wp-content\/uploads\/2025\/08\/screenshot_20250125_211213_gallery-1-mP42M3kblxfVZMkb.png\" data-elementor-open-lightbox=\"yes\" data-elementor-lightbox-slideshow=\"f7dfcd6\" data-elementor-lightbox-title=\"screenshot_20250125_211213_gallery-1-mP42M3kblxfVZMkb\" data-e-action-hash=\"#elementor-action%3Aaction%3Dlightbox%26settings%3DeyJpZCI6NDU1LCJ1cmwiOiJodHRwczpcL1wvYmVhdXR5c3R1ZGlvYXJpeWEuY29tXC93cC1jb250ZW50XC91cGxvYWRzXC8yMDI1XC8wOFwvc2NyZWVuc2hvdF8yMDI1MDEyNV8yMTEyMTNfZ2FsbGVyeS0xLW1QNDJNM2tibHhmVlpNa2IucG5nIiwic2xpZGVzaG93IjoiZjdkZmNkNiJ9\">\n\t\t\t\t\t<div class=\"e-gallery-image elementor-gallery-item__image\" data-thumbnail=\"https:\/\/beautystudioariya.com\/wp-content\/uploads\/2025\/08\/screenshot_20250125_211213_gallery-1-mP42M3kblxfVZMkb.png\" data-width=\"768\" data-height=\"528\" aria-label=\"\" role=\"img\" ><\/div>\n\t\t\t\t\t\t\t\t\t\t\t<div class=\"elementor-gallery-item__overlay\"><\/div>\n\t\t\t\t\t\t\t\t\t\t\t\t\t\t<\/a>\n\t\t\t\t\t\t\t<a class=\"e-gallery-item elementor-gallery-item elementor-animated-content\" href=\"https:\/\/beautystudioariya.com\/wp-content\/uploads\/2025\/08\/screenshot_20250125_211440_gallery-AzG3NMVRrGcqq40q.png\" data-elementor-open-lightbox=\"yes\" data-elementor-lightbox-slideshow=\"f7dfcd6\" data-elementor-lightbox-title=\"screenshot_20250125_211440_gallery-AzG3NMVRrGcqq40q\" data-e-action-hash=\"#elementor-action%3Aaction%3Dlightbox%26settings%3DeyJpZCI6NDU2LCJ1cmwiOiJodHRwczpcL1wvYmVhdXR5c3R1ZGlvYXJpeWEuY29tXC93cC1jb250ZW50XC91cGxvYWRzXC8yMDI1XC8wOFwvc2NyZWVuc2hvdF8yMDI1MDEyNV8yMTE0NDBfZ2FsbGVyeS1BekczTk1WUnJHY3FxNDBxLnBuZyIsInNsaWRlc2hvdyI6ImY3ZGZjZDYifQ%3D%3D\">\n\t\t\t\t\t<div class=\"e-gallery-image elementor-gallery-item__image\" data-thumbnail=\"https:\/\/beautystudioariya.com\/wp-content\/uploads\/2025\/08\/screenshot_20250125_211440_gallery-AzG3NMVRrGcqq40q.png\" data-width=\"768\" data-height=\"592\" aria-label=\"\" role=\"img\" ><\/div>\n\t\t\t\t\t\t\t\t\t\t\t<div class=\"elementor-gallery-item__overlay\"><\/div>\n\t\t\t\t\t\t\t\t\t\t\t\t\t\t<\/a>\n\t\t\t\t\t<\/div>\n\t\t\t\t\t<\/div>\n\t\t\t\t<\/div>\n\t\t\t\t<\/div>","protected":false},"excerpt":{"rendered":"<p>Beauty studio Ariya Arijanina predanost kontinuitetu u\u010denja i unapre\u0111enju tehni\u010dkih vje\u0161tina poma\u017ee joj da uvijek ostane na vrhu svog zanata. Uz iznimnu sposobnost uo\u010davanja suptilnih detalja, ona prilago\u0111ava tretmane ljepote individualnim potrebama svake osobe. U svijetu u kojem je briga o sebi neophodna, Arijanin personalizirani pristup pru\u017ea jedinstveno iskustvo koje svaki posjet Beauty studiju Ariya [&hellip;]<\/p>\n","protected":false},"author":1,"featured_media":0,"parent":0,"menu_order":0,"comment_status":"closed","ping_status":"closed","template":"","meta":{"_acf_changed":false,"footnotes":""},"class_list":["post-441","page","type-page","status-publish","hentry"],"acf":[],"_links":{"self":[{"href":"https:\/\/beautystudioariya.com\/en\/wp-json\/wp\/v2\/pages\/441","targetHints":{"allow":["GET"]}}],"collection":[{"href":"https:\/\/beautystudioariya.com\/en\/wp-json\/wp\/v2\/pages"}],"about":[{"href":"https:\/\/beautystudioariya.com\/en\/wp-json\/wp\/v2\/types\/page"}],"author":[{"embeddable":true,"href":"https:\/\/beautystudioariya.com\/en\/wp-json\/wp\/v2\/users\/1"}],"replies":[{"embeddable":true,"href":"https:\/\/beautystudioariya.com\/en\/wp-json\/wp\/v2\/comments?post=441"}],"version-history":[{"count":25,"href":"https:\/\/beautystudioariya.com\/en\/wp-json\/wp\/v2\/pages\/441\/revisions"}],"predecessor-version":[{"id":1942,"href":"https:\/\/beautystudioariya.com\/en\/wp-json\/wp\/v2\/pages\/441\/revisions\/1942"}],"wp:attachment":[{"href":"https:\/\/beautystudioariya.com\/en\/wp-json\/wp\/v2\/media?parent=441"}],"curies":[{"name":"wp","href":"https:\/\/api.w.org\/{rel}","templated":true}]}}